{"id":4457,"date":"2017-11-14T13:17:01","date_gmt":"2017-11-14T13:17:01","guid":{"rendered":"https:\/\/staging.aprobo.com\/startsida\/"},"modified":"2025-06-27T10:13:31","modified_gmt":"2025-06-27T10:13:31","slug":"startsida","status":"publish","type":"page","link":"https:\/\/staging.aprobo.com\/no\/","title":{"rendered":"Startsida"},"content":{"rendered":"\t\t<div data-elementor-type=\"wp-page\" data-elementor-id=\"4457\" class=\"elementor elementor-4457\" data-elementor-post-type=\"page\">\n\t\t\t\t<div class=\"elementor-element elementor-element-4e8fda1 e-flex e-con-boxed e-con e-parent\" data-id=\"4e8fda1\" data-element_type=\"container\" data-e-type=\"container\">\n\t\t\t\t\t<div class=\"e-con-inner\">\n\t\t\t\t<div class=\"elementor-element elementor-element-4948a68 elementor-widget elementor-widget-spacer\" data-id=\"4948a68\" data-element_type=\"widget\" data-e-type=\"widget\" data-widget_type=\"spacer.default\">\n\t\t\t\t<div class=\"elementor-widget-container\">\n\t\t\t\t\t\t\t<div class=\"elementor-spacer\">\n\t\t\t<div class=\"elementor-spacer-inner\"><\/div>\n\t\t<\/div>\n\t\t\t\t\t\t<\/div>\n\t\t\t\t<\/div>\n\t\t\t\t<div class=\"elementor-element elementor-element-2bdca7c elementor-widget__width-initial elementor-align-center elementor-widget elementor-widget-lottie\" data-id=\"2bdca7c\" data-element_type=\"widget\" data-e-type=\"widget\" data-settings=\"{&quot;source_json&quot;:{&quot;url&quot;:&quot;https:\\\/\\\/aprobo.com\\\/wp-content\\\/uploads\\\/2023\\\/08\\\/HMjfUH4lDO.json&quot;,&quot;id&quot;:5128,&quot;size&quot;:&quot;&quot;,&quot;alt&quot;:&quot;&quot;,&quot;source&quot;:&quot;library&quot;},&quot;loop&quot;:&quot;yes&quot;,&quot;source&quot;:&quot;media_file&quot;,&quot;caption_source&quot;:&quot;none&quot;,&quot;link_to&quot;:&quot;none&quot;,&quot;trigger&quot;:&quot;arriving_to_viewport&quot;,&quot;viewport&quot;:{&quot;unit&quot;:&quot;%&quot;,&quot;size&quot;:&quot;&quot;,&quot;sizes&quot;:{&quot;start&quot;:0,&quot;end&quot;:100}},&quot;play_speed&quot;:{&quot;unit&quot;:&quot;px&quot;,&quot;size&quot;:1,&quot;sizes&quot;:[]},&quot;start_point&quot;:{&quot;unit&quot;:&quot;%&quot;,&quot;size&quot;:0,&quot;sizes&quot;:[]},&quot;end_point&quot;:{&quot;unit&quot;:&quot;%&quot;,&quot;size&quot;:100,&quot;sizes&quot;:[]},&quot;renderer&quot;:&quot;svg&quot;}\" data-widget_type=\"lottie.default\">\n\t\t\t\t<div class=\"elementor-widget-container\">\n\t\t\t\t\t<div class=\"e-lottie__container\"><div class=\"e-lottie__animation\"><\/div><\/div>\t\t\t\t<\/div>\n\t\t\t\t<\/div>\n\t\t\t\t<div class=\"elementor-element elementor-element-9c496ab elementor-widget elementor-widget-html\" data-id=\"9c496ab\" data-element_type=\"widget\" data-e-type=\"widget\" data-widget_type=\"html.default\">\n\t\t\t\t<div class=\"elementor-widget-container\">\n\t\t\t\t\t<div class=\"lipscore-service-review-testimonial\"\r\n    data-ls-widget-height=\"150px\"\r\n    data-ls-widget-width=\"100%\">\r\n<\/div>\t\t\t\t<\/div>\n\t\t\t\t<\/div>\n\t\t\t\t\t<\/div>\n\t\t\t\t<\/div>\n\t\t\t\t<\/div>\n\t\t","protected":false},"excerpt":{"rendered":"","protected":false},"author":1,"featured_media":0,"parent":0,"menu_order":0,"comment_status":"closed","ping_status":"closed","template":"landing-page.php","meta":{"_crdt_document":"","om_disable_all_campaigns":false,"_monsterinsights_skip_tracking":false,"_monsterinsights_sitenote_active":false,"_monsterinsights_sitenote_note":"","_monsterinsights_sitenote_category":0,"footnotes":""},"class_list":["post-4457","page","type-page","status-publish","hentry"],"yoast_head":"<!-- This site is optimized with the Yoast SEO plugin v27.4 - https:\/\/yoast.com\/product\/yoast-seo-wordpress\/ -->\n<title>Aprobo - eksperten p\u00e5 tregulv og lydisolering av gulv<\/title>\n<meta name=\"description\" content=\"Med v\u00e5rt Decibel Concept tilbyr vi over 30 \u00e5rs erfaring med \u00e5 l\u00f8se akustiske problemer knyttet til gulv og bjelkelagskonstruksjoner.\" \/>\n<meta name=\"robots\" content=\"noindex, follow, max-snippet:-1, max-image-preview:large, max-video-preview:-1\" \/>\n<meta property=\"og:locale\" content=\"nb_NO\" \/>\n<meta property=\"og:type\" content=\"article\" \/>\n<meta property=\"og:title\" content=\"Aprobo - eksperten p\u00e5 tregulv og lydisolering av gulv\" \/>\n<meta property=\"og:description\" content=\"Med v\u00e5rt Decibel Concept tilbyr vi over 30 \u00e5rs erfaring med \u00e5 l\u00f8se akustiske problemer knyttet til gulv og bjelkelagskonstruksjoner.\" \/>\n<meta property=\"og:url\" content=\"https:\/\/staging.aprobo.com\/no\/\" \/>\n<meta property=\"og:site_name\" content=\"Aprobo\" \/>\n<meta property=\"article:publisher\" content=\"https:\/\/www.facebook.com\/AproboAB\/\" \/>\n<meta property=\"article:modified_time\" content=\"2025-06-27T10:13:31+00:00\" \/>\n<meta name=\"twitter:card\" content=\"summary_large_image\" \/>\n<script type=\"application\/ld+json\" class=\"yoast-schema-graph\">{\"@context\":\"https:\\\/\\\/schema.org\",\"@graph\":[{\"@type\":\"WebPage\",\"@id\":\"https:\\\/\\\/staging.aprobo.com\\\/no\\\/\",\"url\":\"https:\\\/\\\/staging.aprobo.com\\\/no\\\/\",\"name\":\"Aprobo - eksperten p\u00e5 tregulv og lydisolering av gulv\",\"isPartOf\":{\"@id\":\"https:\\\/\\\/staging.aprobo.com\\\/#website\"},\"datePublished\":\"2017-11-14T13:17:01+00:00\",\"dateModified\":\"2025-06-27T10:13:31+00:00\",\"description\":\"Med v\u00e5rt Decibel Concept tilbyr vi over 30 \u00e5rs erfaring med \u00e5 l\u00f8se akustiske problemer knyttet til gulv og bjelkelagskonstruksjoner.\",\"breadcrumb\":{\"@id\":\"https:\\\/\\\/staging.aprobo.com\\\/no\\\/#breadcrumb\"},\"inLanguage\":\"nb-NO\",\"potentialAction\":[{\"@type\":\"ReadAction\",\"target\":[\"https:\\\/\\\/staging.aprobo.com\\\/no\\\/\"]}]},{\"@type\":\"BreadcrumbList\",\"@id\":\"https:\\\/\\\/staging.aprobo.com\\\/no\\\/#breadcrumb\",\"itemListElement\":[{\"@type\":\"ListItem\",\"position\":1,\"name\":\"Home\",\"item\":\"https:\\\/\\\/staging.aprobo.com\\\/no\\\/\"},{\"@type\":\"ListItem\",\"position\":2,\"name\":\"Startsida\"}]},{\"@type\":\"WebSite\",\"@id\":\"https:\\\/\\\/staging.aprobo.com\\\/#website\",\"url\":\"https:\\\/\\\/staging.aprobo.com\\\/\",\"name\":\"Aprobo\",\"description\":\"High quality floors\",\"publisher\":{\"@id\":\"https:\\\/\\\/staging.aprobo.com\\\/#organization\"},\"potentialAction\":[{\"@type\":\"SearchAction\",\"target\":{\"@type\":\"EntryPoint\",\"urlTemplate\":\"https:\\\/\\\/staging.aprobo.com\\\/?s={search_term_string}\"},\"query-input\":{\"@type\":\"PropertyValueSpecification\",\"valueRequired\":true,\"valueName\":\"search_term_string\"}}],\"inLanguage\":\"nb-NO\"},{\"@type\":\"Organization\",\"@id\":\"https:\\\/\\\/staging.aprobo.com\\\/#organization\",\"name\":\"Aprobo AB\",\"url\":\"https:\\\/\\\/staging.aprobo.com\\\/\",\"logo\":{\"@type\":\"ImageObject\",\"inLanguage\":\"nb-NO\",\"@id\":\"https:\\\/\\\/staging.aprobo.com\\\/#\\\/schema\\\/logo\\\/image\\\/\",\"url\":\"https:\\\/\\\/staging.aprobo.com\\\/wp-content\\\/uploads\\\/2019\\\/08\\\/Aprobo-logotyp.png\",\"contentUrl\":\"https:\\\/\\\/staging.aprobo.com\\\/wp-content\\\/uploads\\\/2019\\\/08\\\/Aprobo-logotyp.png\",\"width\":638,\"height\":300,\"caption\":\"Aprobo AB\"},\"image\":{\"@id\":\"https:\\\/\\\/staging.aprobo.com\\\/#\\\/schema\\\/logo\\\/image\\\/\"},\"sameAs\":[\"https:\\\/\\\/www.facebook.com\\\/AproboAB\\\/\",\"https:\\\/\\\/instagram.com\\\/aproboab\\\/\",\"https:\\\/\\\/www.youtube.com\\\/channel\\\/UCPivgiorLapgzzQ2-8fsfig\"]}]}<\/script>\n<!-- \/ Yoast SEO plugin. -->","yoast_head_json":{"title":"Aprobo - eksperten p\u00e5 tregulv og lydisolering av gulv","description":"Med v\u00e5rt Decibel Concept tilbyr vi over 30 \u00e5rs erfaring med \u00e5 l\u00f8se akustiske problemer knyttet til gulv og bjelkelagskonstruksjoner.","robots":{"index":"noindex","follow":"follow","max-snippet":"max-snippet:-1","max-image-preview":"max-image-preview:large","max-video-preview":"max-video-preview:-1"},"og_locale":"nb_NO","og_type":"article","og_title":"Aprobo - eksperten p\u00e5 tregulv og lydisolering av gulv","og_description":"Med v\u00e5rt Decibel Concept tilbyr vi over 30 \u00e5rs erfaring med \u00e5 l\u00f8se akustiske problemer knyttet til gulv og bjelkelagskonstruksjoner.","og_url":"https:\/\/staging.aprobo.com\/no\/","og_site_name":"Aprobo","article_publisher":"https:\/\/www.facebook.com\/AproboAB\/","article_modified_time":"2025-06-27T10:13:31+00:00","twitter_card":"summary_large_image","schema":{"@context":"https:\/\/schema.org","@graph":[{"@type":"WebPage","@id":"https:\/\/staging.aprobo.com\/no\/","url":"https:\/\/staging.aprobo.com\/no\/","name":"Aprobo - eksperten p\u00e5 tregulv og lydisolering av gulv","isPartOf":{"@id":"https:\/\/staging.aprobo.com\/#website"},"datePublished":"2017-11-14T13:17:01+00:00","dateModified":"2025-06-27T10:13:31+00:00","description":"Med v\u00e5rt Decibel Concept tilbyr vi over 30 \u00e5rs erfaring med \u00e5 l\u00f8se akustiske problemer knyttet til gulv og bjelkelagskonstruksjoner.","breadcrumb":{"@id":"https:\/\/staging.aprobo.com\/no\/#breadcrumb"},"inLanguage":"nb-NO","potentialAction":[{"@type":"ReadAction","target":["https:\/\/staging.aprobo.com\/no\/"]}]},{"@type":"BreadcrumbList","@id":"https:\/\/staging.aprobo.com\/no\/#breadcrumb","itemListElement":[{"@type":"ListItem","position":1,"name":"Home","item":"https:\/\/staging.aprobo.com\/no\/"},{"@type":"ListItem","position":2,"name":"Startsida"}]},{"@type":"WebSite","@id":"https:\/\/staging.aprobo.com\/#website","url":"https:\/\/staging.aprobo.com\/","name":"Aprobo","description":"High quality floors","publisher":{"@id":"https:\/\/staging.aprobo.com\/#organization"},"potentialAction":[{"@type":"SearchAction","target":{"@type":"EntryPoint","urlTemplate":"https:\/\/staging.aprobo.com\/?s={search_term_string}"},"query-input":{"@type":"PropertyValueSpecification","valueRequired":true,"valueName":"search_term_string"}}],"inLanguage":"nb-NO"},{"@type":"Organization","@id":"https:\/\/staging.aprobo.com\/#organization","name":"Aprobo AB","url":"https:\/\/staging.aprobo.com\/","logo":{"@type":"ImageObject","inLanguage":"nb-NO","@id":"https:\/\/staging.aprobo.com\/#\/schema\/logo\/image\/","url":"https:\/\/staging.aprobo.com\/wp-content\/uploads\/2019\/08\/Aprobo-logotyp.png","contentUrl":"https:\/\/staging.aprobo.com\/wp-content\/uploads\/2019\/08\/Aprobo-logotyp.png","width":638,"height":300,"caption":"Aprobo AB"},"image":{"@id":"https:\/\/staging.aprobo.com\/#\/schema\/logo\/image\/"},"sameAs":["https:\/\/www.facebook.com\/AproboAB\/","https:\/\/instagram.com\/aproboab\/","https:\/\/www.youtube.com\/channel\/UCPivgiorLapgzzQ2-8fsfig"]}]}},"_links":{"self":[{"href":"https:\/\/staging.aprobo.com\/no\/wp-json\/wp\/v2\/pages\/4457","targetHints":{"allow":["GET"]}}],"collection":[{"href":"https:\/\/staging.aprobo.com\/no\/wp-json\/wp\/v2\/pages"}],"about":[{"href":"https:\/\/staging.aprobo.com\/no\/wp-json\/wp\/v2\/types\/page"}],"author":[{"embeddable":true,"href":"https:\/\/staging.aprobo.com\/no\/wp-json\/wp\/v2\/users\/1"}],"replies":[{"embeddable":true,"href":"https:\/\/staging.aprobo.com\/no\/wp-json\/wp\/v2\/comments?post=4457"}],"version-history":[{"count":6,"href":"https:\/\/staging.aprobo.com\/no\/wp-json\/wp\/v2\/pages\/4457\/revisions"}],"predecessor-version":[{"id":8207,"href":"https:\/\/staging.aprobo.com\/no\/wp-json\/wp\/v2\/pages\/4457\/revisions\/8207"}],"wp:attachment":[{"href":"https:\/\/staging.aprobo.com\/no\/wp-json\/wp\/v2\/media?parent=4457"}],"curies":[{"name":"wp","href":"https:\/\/api.w.org\/{rel}","templated":true}]}}