{"id":3161,"date":"2022-03-15T11:37:55","date_gmt":"2022-03-15T11:37:55","guid":{"rendered":"https:\/\/staging.aprobo.com\/product\/db-tejp\/"},"modified":"2025-01-02T14:43:53","modified_gmt":"2025-01-02T14:43:53","slug":"db-tejp","status":"publish","type":"product","link":"https:\/\/staging.aprobo.com\/da\/product\/db-tejp\/","title":{"rendered":"dB Tejp"},"content":{"rendered":"","protected":false},"excerpt":{"rendered":"","protected":false},"author":2,"featured_media":0,"menu_order":0,"comment_status":"open","ping_status":"open","template":"product-template.php","format":"standard","meta":{"_crdt_document":"","om_disable_all_campaigns":false,"_monsterinsights_skip_tracking":false,"_monsterinsights_sitenote_active":false,"_monsterinsights_sitenote_note":"","_monsterinsights_sitenote_category":0,"footnotes":""},"class_list":["post-3161","product","type-product","status-publish","format-standard","hentry"],"yoast_head":"<!-- This site is optimized with the Yoast SEO plugin v27.4 - https:\/\/yoast.com\/product\/yoast-seo-wordpress\/ -->\n<title>Decibel-tape (dB-Tape) | Aprobo<\/title>\n<meta name=\"description\" content=\"Vores Decibel-tape (dB-Tape) bruges til at t\u00e6tne samlingerne p\u00e5 Decibel-t\u00e6pperne, n\u00e5r vi udf\u00f8rer vores SoundSeal-konstruktion.\" \/>\n<meta name=\"robots\" content=\"noindex, follow, max-snippet:-1, max-image-preview:large, max-video-preview:-1\" \/>\n<meta property=\"og:locale\" content=\"da_DK\" \/>\n<meta property=\"og:type\" content=\"article\" \/>\n<meta property=\"og:title\" content=\"Decibel-tape (dB-Tape) | Aprobo\" \/>\n<meta property=\"og:description\" content=\"Vores Decibel-tape (dB-Tape) bruges til at t\u00e6tne samlingerne p\u00e5 Decibel-t\u00e6pperne, n\u00e5r vi udf\u00f8rer vores SoundSeal-konstruktion.\" \/>\n<meta property=\"og:url\" content=\"https:\/\/staging.aprobo.com\/da\/product\/db-tejp\/\" \/>\n<meta property=\"og:site_name\" content=\"Aprobo\" \/>\n<meta property=\"article:publisher\" content=\"https:\/\/www.facebook.com\/AproboAB\/\" \/>\n<meta property=\"article:modified_time\" content=\"2025-01-02T14:43:53+00:00\" \/>\n<meta name=\"twitter:card\" content=\"summary_large_image\" \/>\n<script type=\"application\/ld+json\" class=\"yoast-schema-graph\">{\"@context\":\"https:\\\/\\\/schema.org\",\"@graph\":[{\"@type\":\"WebPage\",\"@id\":\"https:\\\/\\\/staging.aprobo.com\\\/da\\\/product\\\/db-tejp\\\/\",\"url\":\"https:\\\/\\\/staging.aprobo.com\\\/da\\\/product\\\/db-tejp\\\/\",\"name\":\"Decibel-tape (dB-Tape) | Aprobo\",\"isPartOf\":{\"@id\":\"https:\\\/\\\/staging.aprobo.com\\\/#website\"},\"datePublished\":\"2022-03-15T11:37:55+00:00\",\"dateModified\":\"2025-01-02T14:43:53+00:00\",\"description\":\"Vores Decibel-tape (dB-Tape) bruges til at t\u00e6tne samlingerne p\u00e5 Decibel-t\u00e6pperne, n\u00e5r vi udf\u00f8rer vores SoundSeal-konstruktion.\",\"breadcrumb\":{\"@id\":\"https:\\\/\\\/staging.aprobo.com\\\/da\\\/product\\\/db-tejp\\\/#breadcrumb\"},\"inLanguage\":\"da-DK\",\"potentialAction\":[{\"@type\":\"ReadAction\",\"target\":[\"https:\\\/\\\/staging.aprobo.com\\\/da\\\/product\\\/db-tejp\\\/\"]}]},{\"@type\":\"BreadcrumbList\",\"@id\":\"https:\\\/\\\/staging.aprobo.com\\\/da\\\/product\\\/db-tejp\\\/#breadcrumb\",\"itemListElement\":[{\"@type\":\"ListItem\",\"position\":1,\"name\":\"Home\",\"item\":\"https:\\\/\\\/staging.aprobo.com\\\/da\\\/\"},{\"@type\":\"ListItem\",\"position\":2,\"name\":\"Produkt\",\"item\":\"https:\\\/\\\/staging.aprobo.com\\\/product\\\/\"},{\"@type\":\"ListItem\",\"position\":3,\"name\":\"dB Tejp\"}]},{\"@type\":\"WebSite\",\"@id\":\"https:\\\/\\\/staging.aprobo.com\\\/#website\",\"url\":\"https:\\\/\\\/staging.aprobo.com\\\/\",\"name\":\"Aprobo\",\"description\":\"High quality floors\",\"publisher\":{\"@id\":\"https:\\\/\\\/staging.aprobo.com\\\/#organization\"},\"potentialAction\":[{\"@type\":\"SearchAction\",\"target\":{\"@type\":\"EntryPoint\",\"urlTemplate\":\"https:\\\/\\\/staging.aprobo.com\\\/?s={search_term_string}\"},\"query-input\":{\"@type\":\"PropertyValueSpecification\",\"valueRequired\":true,\"valueName\":\"search_term_string\"}}],\"inLanguage\":\"da-DK\"},{\"@type\":\"Organization\",\"@id\":\"https:\\\/\\\/staging.aprobo.com\\\/#organization\",\"name\":\"Aprobo AB\",\"url\":\"https:\\\/\\\/staging.aprobo.com\\\/\",\"logo\":{\"@type\":\"ImageObject\",\"inLanguage\":\"da-DK\",\"@id\":\"https:\\\/\\\/staging.aprobo.com\\\/#\\\/schema\\\/logo\\\/image\\\/\",\"url\":\"https:\\\/\\\/staging.aprobo.com\\\/wp-content\\\/uploads\\\/2019\\\/08\\\/Aprobo-logotyp.png\",\"contentUrl\":\"https:\\\/\\\/staging.aprobo.com\\\/wp-content\\\/uploads\\\/2019\\\/08\\\/Aprobo-logotyp.png\",\"width\":638,\"height\":300,\"caption\":\"Aprobo AB\"},\"image\":{\"@id\":\"https:\\\/\\\/staging.aprobo.com\\\/#\\\/schema\\\/logo\\\/image\\\/\"},\"sameAs\":[\"https:\\\/\\\/www.facebook.com\\\/AproboAB\\\/\",\"https:\\\/\\\/instagram.com\\\/aproboab\\\/\",\"https:\\\/\\\/www.youtube.com\\\/channel\\\/UCPivgiorLapgzzQ2-8fsfig\"]}]}<\/script>\n<!-- \/ Yoast SEO plugin. -->","yoast_head_json":{"title":"Decibel-tape (dB-Tape) | Aprobo","description":"Vores Decibel-tape (dB-Tape) bruges til at t\u00e6tne samlingerne p\u00e5 Decibel-t\u00e6pperne, n\u00e5r vi udf\u00f8rer vores SoundSeal-konstruktion.","robots":{"index":"noindex","follow":"follow","max-snippet":"max-snippet:-1","max-image-preview":"max-image-preview:large","max-video-preview":"max-video-preview:-1"},"og_locale":"da_DK","og_type":"article","og_title":"Decibel-tape (dB-Tape) | Aprobo","og_description":"Vores Decibel-tape (dB-Tape) bruges til at t\u00e6tne samlingerne p\u00e5 Decibel-t\u00e6pperne, n\u00e5r vi udf\u00f8rer vores SoundSeal-konstruktion.","og_url":"https:\/\/staging.aprobo.com\/da\/product\/db-tejp\/","og_site_name":"Aprobo","article_publisher":"https:\/\/www.facebook.com\/AproboAB\/","article_modified_time":"2025-01-02T14:43:53+00:00","twitter_card":"summary_large_image","schema":{"@context":"https:\/\/schema.org","@graph":[{"@type":"WebPage","@id":"https:\/\/staging.aprobo.com\/da\/product\/db-tejp\/","url":"https:\/\/staging.aprobo.com\/da\/product\/db-tejp\/","name":"Decibel-tape (dB-Tape) | Aprobo","isPartOf":{"@id":"https:\/\/staging.aprobo.com\/#website"},"datePublished":"2022-03-15T11:37:55+00:00","dateModified":"2025-01-02T14:43:53+00:00","description":"Vores Decibel-tape (dB-Tape) bruges til at t\u00e6tne samlingerne p\u00e5 Decibel-t\u00e6pperne, n\u00e5r vi udf\u00f8rer vores SoundSeal-konstruktion.","breadcrumb":{"@id":"https:\/\/staging.aprobo.com\/da\/product\/db-tejp\/#breadcrumb"},"inLanguage":"da-DK","potentialAction":[{"@type":"ReadAction","target":["https:\/\/staging.aprobo.com\/da\/product\/db-tejp\/"]}]},{"@type":"BreadcrumbList","@id":"https:\/\/staging.aprobo.com\/da\/product\/db-tejp\/#breadcrumb","itemListElement":[{"@type":"ListItem","position":1,"name":"Home","item":"https:\/\/staging.aprobo.com\/da\/"},{"@type":"ListItem","position":2,"name":"Produkt","item":"https:\/\/staging.aprobo.com\/product\/"},{"@type":"ListItem","position":3,"name":"dB Tejp"}]},{"@type":"WebSite","@id":"https:\/\/staging.aprobo.com\/#website","url":"https:\/\/staging.aprobo.com\/","name":"Aprobo","description":"High quality floors","publisher":{"@id":"https:\/\/staging.aprobo.com\/#organization"},"potentialAction":[{"@type":"SearchAction","target":{"@type":"EntryPoint","urlTemplate":"https:\/\/staging.aprobo.com\/?s={search_term_string}"},"query-input":{"@type":"PropertyValueSpecification","valueRequired":true,"valueName":"search_term_string"}}],"inLanguage":"da-DK"},{"@type":"Organization","@id":"https:\/\/staging.aprobo.com\/#organization","name":"Aprobo AB","url":"https:\/\/staging.aprobo.com\/","logo":{"@type":"ImageObject","inLanguage":"da-DK","@id":"https:\/\/staging.aprobo.com\/#\/schema\/logo\/image\/","url":"https:\/\/staging.aprobo.com\/wp-content\/uploads\/2019\/08\/Aprobo-logotyp.png","contentUrl":"https:\/\/staging.aprobo.com\/wp-content\/uploads\/2019\/08\/Aprobo-logotyp.png","width":638,"height":300,"caption":"Aprobo AB"},"image":{"@id":"https:\/\/staging.aprobo.com\/#\/schema\/logo\/image\/"},"sameAs":["https:\/\/www.facebook.com\/AproboAB\/","https:\/\/instagram.com\/aproboab\/","https:\/\/www.youtube.com\/channel\/UCPivgiorLapgzzQ2-8fsfig"]}]}},"_links":{"self":[{"href":"https:\/\/staging.aprobo.com\/da\/wp-json\/wp\/v2\/product\/3161","targetHints":{"allow":["GET"]}}],"collection":[{"href":"https:\/\/staging.aprobo.com\/da\/wp-json\/wp\/v2\/product"}],"about":[{"href":"https:\/\/staging.aprobo.com\/da\/wp-json\/wp\/v2\/types\/product"}],"author":[{"embeddable":true,"href":"https:\/\/staging.aprobo.com\/da\/wp-json\/wp\/v2\/users\/2"}],"replies":[{"embeddable":true,"href":"https:\/\/staging.aprobo.com\/da\/wp-json\/wp\/v2\/comments?post=3161"}],"version-history":[{"count":1,"href":"https:\/\/staging.aprobo.com\/da\/wp-json\/wp\/v2\/product\/3161\/revisions"}],"predecessor-version":[{"id":8066,"href":"https:\/\/staging.aprobo.com\/da\/wp-json\/wp\/v2\/product\/3161\/revisions\/8066"}],"wp:attachment":[{"href":"https:\/\/staging.aprobo.com\/da\/wp-json\/wp\/v2\/media?parent=3161"}],"curies":[{"name":"wp","href":"https:\/\/api.w.org\/{rel}","templated":true}]}}